{"id":661,"date":"2017-06-06T10:10:07","date_gmt":"2017-06-06T10:10:07","guid":{"rendered":"http:\/\/saludcontrata.es\/adeslas\/?page_id=661"},"modified":"2017-06-06T13:38:37","modified_gmt":"2017-06-06T13:38:37","slug":"aviso-legal","status":"publish","type":"page","link":"https:\/\/saludcontrata.es\/adeslas\/aviso-legal\/","title":{"rendered":"Aviso Legal"},"content":{"rendered":"<section class=\"wpb-content-wrapper\"><p>[vc_row][vc_column][vc_empty_space]<div class=\" text-left\"><div class=\"m-b-40 custom-heading\"  ><h1 style=\"font-weight:bold !important; \">AVISO LEGAL<\/h1><span class=\"custom-heading-delim\" style=\"width:30px;\"><\/span><\/div><\/div>[vc_tta_accordion style=\u00bbflat\u00bb shape=\u00bbsquare\u00bb color=\u00bbsky\u00bb active_section=\u00bb1&#8243; no_fill=\u00bbtrue\u00bb][vc_tta_section title=\u00bb1. Titularidad del sitio web\u00bb tab_id=\u00bb1494859977244-5dbe65a7-6f82e9d3-44b1&#8243;][vc_column_text]Este dominio es titularidad de <b>Juan Carlos Ruano Sacrist\u00e1n<\/b>\u00a0con NIF 50304089F, Agente de Seguros Exclusivo N\u00ba C01245304089F titular de los derechos de propiedad intelectual sobre la Web y sus contenidos, sin perjuicio de los derechos leg\u00edtimos de terceros y domicilio a los efectos del presente Aviso Legal en C\/Pio XII,3 -Bajo 26003, Logro\u00f1o, La Rioja.<\/p>\n<p>Ud. puede ponerse en contacto con nosotros en el siguiente correo electr\u00f3nico:<br \/>\n<a title=\"Contacta con nosotros\" href=\"mailto:adeslas@seguros.atenciondirecta.com\">RuanoJC@agente.segurcaixaadeslas.es<\/a>[\/vc_column_text][\/vc_tta_section][vc_tta_section title=\u00bb2. T\u00e9rminos y Condiciones.\u00bb tab_id=\u00bb1494859977299-9168c70c-bc86e9d3-44b1&#8243;][vc_column_text]El usuario accede voluntariamente a este sitio web. El acceso y navegaci\u00f3n en este sitio web implica aceptar y conocer las advertencias legales, condiciones y t\u00e9rminos de uso contenidos en ella. El mero acceso no implica el establecimiento de ning\u00fan tipo de relaci\u00f3n comercial entre SALUD CONTRATA\u00a0y el usuario.<\/p>\n<p>El Aviso Legal y\/o las Condiciones de los servicios prestados a trav\u00e9s del presente sitio web, podr\u00e1 sufrir modificaciones de cualquier tipo, cuando <strong>SALUD CONTRATA<\/strong>\u00a0lo considere oportuno o con la finalidad de adecuarse a los cambios legislativos y tecnol\u00f3gicos futuros. Estas modificaciones ser\u00e1n notificadas convenientemente siendo v\u00e1lidas desde su publicaci\u00f3n en este sitio web, salvo manifestaci\u00f3n en contrario.[\/vc_column_text][\/vc_tta_section][vc_tta_section title=\u00bb3. Productos y\/o Servicios.\u00bb tab_id=\u00bb1495017855717-c04a4eb3-62a4e9d3-44b1&#8243;][vc_column_text]SALUD CONTRATA ofrece determinados servicios\/productos a los usuarios, sometidos a los t\u00e9rminos y condiciones indicados en el presente sitio web, debiendo el usuario leer con atenci\u00f3n las condiciones que se apliquen a cada servicio, que en ning\u00fan caso eximir\u00e1, salvo manifestaci\u00f3n expresa en contrario, del cumplimiento de lo expresado en el Aviso Legal.<\/p>\n<p>[\/vc_column_text][\/vc_tta_section][vc_tta_section title=\u00bb4. Contenidos\u00bb tab_id=\u00bb1495017903366-6ad2dd1f-72cde9d3-44b1&#8243;][vc_column_text]<strong>SALUD CONTRATA<\/strong>\u00a0realiza los m\u00e1ximos esfuerzos para evitar errores en los contenidos que se publican en el sitio web. Todos los contenidos que se ofrecen a trav\u00e9s del sitio web se encuentran actualizados, reserv\u00e1ndose <strong>SALUD CONTRATA<\/strong>\u00a0la facultad de poder modificarlos en cualquier momento. <strong>SALUD CONTRATA<\/strong>\u00a0no se responsabiliza de las consecuencias que puedan derivarse de los errores en los contenidos proporcionados por terceros que puedan aparecer en este sitio web.<\/p>\n<p><strong>SALUD CONTRATA<\/strong> ofrece enlaces, directa o indirectamente, a recursos o sitios de Internet que se encuentran fuera del presente sitio web. La presencia de estos enlaces en el sitio web tiene una finalidad informativa.[\/vc_column_text][\/vc_tta_section][vc_tta_section title=\u00bb5. Limitaci\u00f3n de Responsabilidad\u00bb tab_id=\u00bb1495017967804-f196254c-e837e9d3-44b1&#8243;][vc_column_text]No se garantiza que los servicios del sitio Web sean ininterrumpidos, oportunos, seguros o libres de error, ni se ofrece ninguna garant\u00eda con respecto a los resultados que se puedan obtener del uso de los servicios o de la precisi\u00f3n o fiabilidad de cualquier informaci\u00f3n obtenida. No se controlan, ni se hacen propios, ni se garantiza la exactitud, calidad, veracidad, fiabilidad o idoneidad de las informaciones y servicios facilitados o prestados por terceros a trav\u00e9s del sitio Web. De igual forma, no controla y no garantiza la ausencia de virus u otros elementos lesivos en los contenidos o servicios facilitados o prestados por terceros a trav\u00e9s del sitio Web.<\/p>\n<p><strong>SALUD CONTRATA<\/strong>\u00a0tampoco se responsabiliza del contenido de los sitios web a los que enlaza fuera de su p\u00e1gina. Tampoco ser\u00e1 responsable de cualquier da\u00f1o o p\u00e9rdida que pueda surgir por la conexi\u00f3n o por el uso de cualquier contenido, producto o servicio disponible en los sitios web a los que se dirijan los enlaces. <strong>SALUD CONTRATA<\/strong>\u00a0no puede garantizar la disponibilidad y el correcto funcionamiento de los enlaces a otros sitios web.[\/vc_column_text][\/vc_tta_section][vc_tta_section title=\u00bb6. Propiedad Intelectual e Industrial\u00bb tab_id=\u00bb1495018011229-5fb2ea16-e76ee9d3-44b1&#8243;][vc_column_text]Este sitio web y los contenidos que alberga se encuentran protegidos por la legislaci\u00f3n vigente en materia de propiedad intelectual. Se proh\u00edbe la modificaci\u00f3n, copia, reproducci\u00f3n, descarga, transmisi\u00f3n, distribuci\u00f3n o transformaci\u00f3n de los contenidos del Portal, si no se tiene la autorizaci\u00f3n del titular de los correspondientes derechos o se encuentra legalmente permitido. El acceso al sitio web no supone en ning\u00fan caso adquisici\u00f3n por parte de los usuarios de derecho de propiedad alguno sobre los contenidos que figuran en el mismo.<\/p>\n<p>Las referencias a marcas comerciales o marcas registradas o signos distintivos, ya sean titularidad de <strong>SALUD CONTRATA<\/strong>\u00a0o de terceras empresas, llevan impl\u00edcitas la prohibici\u00f3n sobre su uso sin el consentimiento de <strong>SALUD CONTRATA<\/strong>\u00a0o sus leg\u00edtimos propietarios. En ning\u00fan momento, salvo manifestaci\u00f3n expresa el acceso o uso del Portal y\/o de sus contenidos, confiere al usuario derecho alguno sobre las marcas, logos, y\/o signos distintivos en \u00e9l incluidos protegidos por Ley.[\/vc_column_text][\/vc_tta_section][vc_tta_section title=\u00bb7. Navegaci\u00f3n y Seguridad\u00bb tab_id=\u00bb1495018072054-ea4db4d6-f06be9d3-44b1&#8243;][vc_column_text]<strong>SALUD CONTRATA<\/strong>\u00a0realiza los m\u00e1ximos esfuerzos para garantizar que la navegaci\u00f3n a trav\u00e9s de este sitio web se realice en las mejores condiciones. <strong>SALUD CONTRATA<\/strong>\u00a0\u00a0no se hace responsable por cualquier tipo de perjuicio sufridos por los usuarios por el uso de navegadores o versiones distintas de los navegadores para los que ha sido dise\u00f1ado este sitio web.<\/p>\n<p><strong>SALUD CONTRATA<\/strong>\u00a0 no garantiza, ni se responsabiliza de que el acceso a este sitio web sea ininterrumpido o se encuentre libre de error. En ning\u00fan caso <strong>SALUD CONTRATA<\/strong>\u00a0\u00a0ser\u00e1 responsable por los perjuicios de cualquier tipo que surjan por el acceso y el uso de este sitio web.[\/vc_column_text][\/vc_tta_section][vc_tta_section title=\u00bb8. Legislaci\u00f3n aplicable\u00bb tab_id=\u00bb1495018118489-027aa77d-e2bfe9d3-44b1&#8243;][vc_column_text]Los t\u00e9rminos y condiciones que rigen este web site, as\u00ed como las relaciones que pudieran derivarse est\u00e1n protegidas y quedan sujetas a la legislaci\u00f3n espa\u00f1ola.[\/vc_column_text][\/vc_tta_section][vc_tta_section title=\u00bb9. T\u00e9rminos y condiciones de uso\u00bb tab_id=\u00bb1495018141371-07e3fee3-1a2fe9d3-44b1&#8243;][vc_column_text]<strong>SALUD CONTRATA<\/strong>\u00a0se reserva el derecho a suspender o cancelar el acceso en el caso que se utilice para incumplir cualquier ley aplicable o las normas de uso habituales en internet, o bien si se utiliza su dominio en relaci\u00f3n con una actividad ilegal, as\u00ed como si se recibe notificaci\u00f3n en ese sentido emitido por una autoridad competente o en los dem\u00e1s supuestos contemplados por la legislaci\u00f3n vigente.<\/p>\n<p>Los usuarios, en la utilizaci\u00f3n del sitio web y de los servicios vinculados al mismo, deber\u00e1n respetar las siguientes obligaciones:<\/p>\n<ul>\n<li>a. No introducir, almacenar o difundir mediante el sitio web o a trav\u00e9s de cualquiera de los servicios vinculados al mismo ning\u00fan programa de ordenador, dato, virus, c\u00f3digo, o cualquier otro instrumento o dispositivo electr\u00f3nico que sea susceptible de causar da\u00f1os en el sitio web, en cualquiera de los servicios vinculados al mismo o en cualesquiera equipos, sistemas o redes de la titular del dominio, de cualquier usuario, de sus proveedores o en general de cualquier tercero, o que de otra forma sea capaz de causarles cualquier tipo de alteraci\u00f3n o impedir el normal funcionamiento del mismo.<\/li>\n<li>b. No destruir, alterar, inutilizar o da\u00f1ar los datos, informaciones, programas o documentos electr\u00f3nicos de la titular del dominio, de sus proveedores o de terceros.<\/li>\n<li>c. No utilizar los contenidos y en particular la informaci\u00f3n obtenida a trav\u00e9s del sitio web para remitir publicidad, enviar mensajes con fines de venta o con cualquier otro fin comercial, ni para recoger o almacenar datos personales de terceros.<\/li>\n<li>d. Deber\u00e1n abstenerse de eludir o manipular cualesquiera dispositivos t\u00e9cnicos establecidos, ya sea en el sitio web, en cualquiera de los servicios o en cualquiera de los materiales, elementos o informaci\u00f3n obtenidos a trav\u00e9s del mismo, para la protecci\u00f3n de sus derechos.<\/li>\n<li>e. Deber\u00e1n abstenerse de suprimir los signos identificativos de los derechos (de propiedad intelectual, industrial o cualquier otro) de la titular del dominio o de los terceros que figuren en el sitio web y en cada uno de los diversos servicios ofrecidos a trav\u00e9s de \u00e9l.<\/li>\n<li>f. Se abstendr\u00e1n de realizar cualquier actuaci\u00f3n que pudiera resultar en una desviaci\u00f3n de tr\u00e1fico del sitio web.<\/li>\n<\/ul>\n<p>[\/vc_column_text][\/vc_tta_section][vc_tta_section title=\u00bb10. Formulario WEB\u00bb tab_id=\u00bb1495018185946-7e6edcef-4503e9d3-44b1&#8243;][vc_column_text]Le informamos que los datos personales obtenidos mediante este formulario, as\u00ed como su direcci\u00f3n de correo electr\u00f3nico, han sido incorporados en un fichero del cual es responsable <strong>SALUD CONTRATA<\/strong>, con la finalidad de atender sus consultas y enviarle informaci\u00f3n relacionada con la entidad que pudiera ser de su inter\u00e9s.<\/p>\n<p><strong>SALUD CONTRATA\u00a0<\/strong>se compromete a usar los datos recogidos mediante este formulario, \u00fanicamente para la finalidad anteriormente mencionada.<\/p>\n<p>El interesado declara tener conocimiento del destino y uso de los datos personales recogidos mediante la lectura de la presente cl\u00e1usula.<\/p>\n<p>La aceptaci\u00f3n de esta cl\u00e1usula o el env\u00edo de este e-mail implican la aceptaci\u00f3n de las cl\u00e1usulas expuestas.<\/p>\n<p>Si desea ejercer los derechos de acceso, rectificaci\u00f3n, cancelaci\u00f3n u oposici\u00f3n en los t\u00e9rminos establecidos en la Ley Org\u00e1nica 15\/1999, puede hacerlo a la siguiente direcci\u00f3n <strong>SALUD CONTRATA<\/strong>; C\/Pio XII,3 -Bajo 26003, Logro\u00f1o, La Rioja, o bien en la siguiente direcci\u00f3n de correo electr\u00f3nico: <a href=\"mailto:RuanoJC@agente.segurcaixaadeslas.es\">RuanoJC@agente.segurcaixaadeslas.es<\/a>[\/vc_column_text][\/vc_tta_section][\/vc_tta_accordion][\/vc_column][\/vc_row]<\/p>\n<\/section>","protected":false},"excerpt":{"rendered":"<p>[vc_row][vc_column][vc_empty_space][vc_tta_accordion style=\u00bbflat\u00bb shape=\u00bbsquare\u00bb color=\u00bbsky\u00bb active_section=\u00bb1&#8243; no_fill=\u00bbtrue\u00bb][vc_tta_section title=\u00bb1. Titularidad del sitio web\u00bb tab_id=\u00bb1494859977244-5dbe65a7-6f82e9d3-44b1&#8243;][vc_column_text]Este dominio es titularidad de Juan Carlos Ruano Sacrist\u00e1n\u00a0con NIF 50304089F, Agente de Seguros Exclusivo N\u00ba C01245304089F titular de los derechos de propiedad intelectual sobre la Web y sus contenidos, sin perjuicio de los derechos leg\u00edtimos de terceros y domicilio a los efectos del [&hellip;]<\/p>\n","protected":false},"author":1,"featured_media":0,"parent":0,"menu_order":0,"comment_status":"closed","ping_status":"closed","template":"","meta":[],"_links":{"self":[{"href":"https:\/\/saludcontrata.es\/adeslas\/wp-json\/wp\/v2\/pages\/661"}],"collection":[{"href":"https:\/\/saludcontrata.es\/adeslas\/wp-json\/wp\/v2\/pages"}],"about":[{"href":"https:\/\/saludcontrata.es\/adeslas\/wp-json\/wp\/v2\/types\/page"}],"author":[{"embeddable":true,"href":"https:\/\/saludcontrata.es\/adeslas\/wp-json\/wp\/v2\/users\/1"}],"replies":[{"embeddable":true,"href":"https:\/\/saludcontrata.es\/adeslas\/wp-json\/wp\/v2\/comments?post=661"}],"version-history":[{"count":7,"href":"https:\/\/saludcontrata.es\/adeslas\/wp-json\/wp\/v2\/pages\/661\/revisions"}],"predecessor-version":[{"id":683,"href":"https:\/\/saludcontrata.es\/adeslas\/wp-json\/wp\/v2\/pages\/661\/revisions\/683"}],"wp:attachment":[{"href":"https:\/\/saludcontrata.es\/adeslas\/wp-json\/wp\/v2\/media?parent=661"}],"curies":[{"name":"wp","href":"https:\/\/api.w.org\/{rel}","templated":true}]}}